{"id":11,"date":"2023-07-20T14:40:59","date_gmt":"2023-07-20T12:40:59","guid":{"rendered":"https:\/\/comprensivotortonaa.it\/site\/?page_id=11"},"modified":"2023-07-20T14:58:19","modified_gmt":"2023-07-20T12:58:19","slug":"cenni-storici","status":"publish","type":"page","link":"https:\/\/comprensivotortonaa.it\/site\/listituto\/storia-e-territorio\/cenni-storici\/","title":{"rendered":"Cenni Storici"},"content":{"rendered":"<div id=\"pl-gb11-69e48cdcb00cd\"  class=\"panel-layout\" ><div id=\"pg-gb11-69e48cdcb00cd-0\"  class=\"panel-grid panel-no-style\" ><div id=\"pgc-gb11-69e48cdcb00cd-0-0\"  class=\"panel-grid-cell\" ><div id=\"panel-gb11-69e48cdcb00cd-0-0-0\" class=\"so-panel widget widget_siteorigin-panels-builder panel-first-child panel-last-child\" data-index=\"0\" ><div id=\"pl-w64b92f6a2545a\"  class=\"panel-layout\" ><div id=\"pg-w64b92f6a2545a-0\"  class=\"panel-grid panel-no-style\" ><div id=\"pgc-w64b92f6a2545a-0-0\"  class=\"panel-grid-cell\" ><div id=\"panel-w64b92f6a2545a-0-0-0\" class=\"so-panel widget widget_text panel-first-child panel-last-child\" data-index=\"0\" ><h3 class=\"widget-title\">Cenni storici sulla scuola<\/h3>\t\t\t<div class=\"textwidget\"><p>\u00c8 stata resa autonoma nel 1940 e nel 1957 viene intitolata a Luca Valenziano. Nel 1995 \u00e8 stata oggetto di una completa ristrutturazione per adeguarla agli standard di legge sulla sicurezza negli edifici pubblici e per dotarla di spazi idonei alle sperimentazioni didattiche e ai laboratori. Nel Settembre del 2000 si \u00e8 unita alla scuola Media Patri ora la succursale.<br \/>\nNel 2004 la scuola \u00e8 stata certificata ISO 9000 dalla Certiquality.<\/p>\n<\/div>\n\t\t<\/div><\/div><div id=\"pgc-w64b92f6a2545a-0-1\"  class=\"panel-grid-cell\" ><div id=\"panel-w64b92f6a2545a-0-1-0\" class=\"so-panel widget widget_sow-image panel-first-child panel-last-child\" data-index=\"1\" ><div\n\t\t\t\n\t\t\tclass=\"so-widget-sow-image so-widget-sow-image-default-8b5b6f678277\"\n\t\t\t\n\t\t>\n\n<div class=\"sow-image-container\">\n\t\t<img decoding=\"async\" src=\"https:\/\/comprensivotortonaa.it\/site\/wp-content\/uploads\/2023\/07\/cenni_storici_valenziano.jpg\" width=\"300\" height=\"181\" sizes=\"auto, (max-width: 300px) 100vw, 300px\" alt=\"\" loading=\"lazy\" \t\tclass=\"so-widget-image\"\/>\n\t<\/div>\n\n<\/div><\/div><\/div><\/div><\/div><\/div><\/div><\/div><div id=\"pg-gb11-69e48cdcb00cd-1\"  class=\"panel-grid panel-no-style\" ><div id=\"pgc-gb11-69e48cdcb00cd-1-0\"  class=\"panel-grid-cell\" ><div id=\"panel-gb11-69e48cdcb00cd-1-0-0\" class=\"so-panel widget widget_siteorigin-panels-builder panel-first-child panel-last-child\" data-index=\"1\" ><div id=\"pl-w64b92f6a26056\"  class=\"panel-layout\" ><div id=\"pg-w64b92f6a26056-0\"  class=\"panel-grid panel-no-style\" ><div id=\"pgc-w64b92f6a26056-0-0\"  class=\"panel-grid-cell\" ><div id=\"panel-w64b92f6a26056-0-0-0\" class=\"so-panel widget widget_text panel-first-child panel-last-child\" data-index=\"0\" ><h3 class=\"widget-title\">Cenni storici sulla citt\u00e0<\/h3>\t\t\t<div class=\"textwidget\"><p>Tortona corrisponde all&#8217;antica Dertona (nel basso impero Terdona), citt\u00e0 dei Liguri. La fondazione di Tortona si ricollega forse alla costruzione, nel 148 a.C., della Via Postumia, fra Piacenza e Genova. Dopo la completa conquista della Cispadana fu fatto partire da Tortona nel 109 a.C. un tronco di strada per Aquae Statiellae (Acqui Terme) e Vada Sabatia (Vado Ligure); pi\u00f9 tardi un altro tronco per Hasta (Asti), Augusta Taurinorum (Torino) e le Alpi. Velleio d\u00e0 incerta la deduzione (non improbabile) di una colonia a Tortona tra il 123 e il 118 a.C. Nel 43 a.C. vi si accamp\u00f2 Decimo Bruto. Dopo la battaglia di Azio e la prima vittoria di Ottaviano, fu colonia Augusta e fece parte della Regione IX. Era ascritta alla trib\u00f9 Pontina e in et\u00e0 imperiale era retta da duumviri. Alla fine dell&#8217;Impero fece parte della provincia Liguria. Teodorico vi costru\u00ec grandi &#8220;horrea&#8221; (depositi di grano). Si resse a comune gi\u00e0 abbastanza presto e nel secolo XII era potente, in lotta con Pavia e alleata di Milano; a questa situazione politica si ricollegano le sue vicende al tempo di Federico Barbarossa, che, nell&#8217;aprile 1155, dopo un memorabile assedio, la prese e la distrusse. Riedificata dai Milanesi, fu nuovamente presa dall&#8217;imperatore nel 1162. Ma con l&#8217;affermarsi del potere dei Visconti in Lombardia, fu uno degli oggetti delle loro ambizioni; e,<br \/>\ndopo varie vicende, per dedizione, venne definitivamente in loro possesso nel 1347. Segu\u00ec cos\u00ec le sorti del ducato di Milano, finch\u00e9 con i preliminari di Vienna del 1735 e con il trattato di Vienna del 1738 entr\u00f2 a far parte degli stati sabaudi. Nel 1773 Vittorio Amedeo III pens\u00f2 di farne una fortezza poderosa, che fu occupata dai Francesi nel 1796 e dagli Austro-Russi nel 1799, finch\u00e9 ritorn\u00f2 alla Francia nel 1801 quando Napoleone ne ordin\u00f2 la distruzione. Il cristianesimo fu introdotto abbastanza presto (met\u00e0 del IV sec. d.C.) a Tortona e vi ebbe vita e sviluppo fiorente, documentato da numerosi titoli dei secoli V e VI. Il primo Vescovo storicamente attestato \u00e8 Innocenzo, che secondo la tradizione avrebbe ritrovato il corpo del protomartire San Marziano che la Diocesi e la Citt\u00e0 riconoscono oggi come patrono.<\/p>\n<\/div>\n\t\t<\/div><\/div><div id=\"pgc-w64b92f6a26056-0-1\"  class=\"panel-grid-cell\" ><div id=\"panel-w64b92f6a26056-0-1-0\" class=\"so-panel widget widget_sow-image panel-first-child panel-last-child\" data-index=\"1\" ><div\n\t\t\t\n\t\t\tclass=\"so-widget-sow-image so-widget-sow-image-default-8b5b6f678277\"\n\t\t\t\n\t\t>\n\n<div class=\"sow-image-container\">\n\t\t<img decoding=\"async\" src=\"https:\/\/comprensivotortonaa.it\/site\/wp-content\/uploads\/2023\/07\/cenni_storici_tortona.jpg\" width=\"236\" height=\"259\" sizes=\"auto, (max-width: 236px) 100vw, 236px\" alt=\"\" loading=\"lazy\" \t\tclass=\"so-widget-image\"\/>\n\t<\/div>\n\n<\/div><\/div><\/div><\/div><\/div><\/div><\/div><\/div><\/div>","protected":false},"excerpt":{"rendered":"","protected":false},"author":1,"featured_media":0,"parent":9,"menu_order":0,"comment_status":"closed","ping_status":"closed","template":"page-fullwidth.php","meta":{"footnotes":""},"wf_page_folders":[],"class_list":["post-11","page","type-page","status-publish","hentry"],"publishpress_future_action":{"enabled":false,"date":"2026-04-26 10:05:48","action":"change-status","newStatus":"draft","terms":[],"taxonomy":"wf_page_folders","extraData":[]},"publishpress_future_workflow_manual_trigger":{"enabledWorkflows":[]},"_links":{"self":[{"href":"https:\/\/comprensivotortonaa.it\/site\/wp-json\/wp\/v2\/pages\/11","targetHints":{"allow":["GET"]}}],"collection":[{"href":"https:\/\/comprensivotortonaa.it\/site\/wp-json\/wp\/v2\/pages"}],"about":[{"href":"https:\/\/comprensivotortonaa.it\/site\/wp-json\/wp\/v2\/types\/page"}],"author":[{"embeddable":true,"href":"https:\/\/comprensivotortonaa.it\/site\/wp-json\/wp\/v2\/users\/1"}],"replies":[{"embeddable":true,"href":"https:\/\/comprensivotortonaa.it\/site\/wp-json\/wp\/v2\/comments?post=11"}],"version-history":[{"count":11,"href":"https:\/\/comprensivotortonaa.it\/site\/wp-json\/wp\/v2\/pages\/11\/revisions"}],"predecessor-version":[{"id":25,"href":"https:\/\/comprensivotortonaa.it\/site\/wp-json\/wp\/v2\/pages\/11\/revisions\/25"}],"up":[{"embeddable":true,"href":"https:\/\/comprensivotortonaa.it\/site\/wp-json\/wp\/v2\/pages\/9"}],"wp:attachment":[{"href":"https:\/\/comprensivotortonaa.it\/site\/wp-json\/wp\/v2\/media?parent=11"}],"wp:term":[{"taxonomy":"wf_page_folders","embeddable":true,"href":"https:\/\/comprensivotortonaa.it\/site\/wp-json\/wp\/v2\/wf_page_folders?post=11"}],"curies":[{"name":"wp","href":"https:\/\/api.w.org\/{rel}","templated":true}]}}